{"id":245,"date":"2021-03-08T19:28:01","date_gmt":"2021-03-08T18:28:01","guid":{"rendered":"http:\/\/localhost\/wp3\/?page_id=245"},"modified":"2021-05-01T12:18:59","modified_gmt":"2021-05-01T10:18:59","slug":"impressum","status":"publish","type":"page","link":"http:\/\/leudes.de\/logopaedie-schwalbach\/impressum\/","title":{"rendered":"Impressum"},"content":{"rendered":"\t\t<div data-elementor-type=\"wp-page\" data-elementor-id=\"245\" class=\"elementor elementor-245\">\n\t\t\t\t\t\t<section class=\"elementor-section elementor-top-section elementor-element elementor-element-b6a9121 elementor-section-boxed elementor-section-height-default elementor-section-height-default\" data-id=\"b6a9121\" data-element_type=\"section\">\n\t\t\t\t\t\t<div class=\"elementor-container elementor-column-gap-default\">\n\t\t\t\t\t<div class=\"elementor-column elementor-col-100 elementor-top-column elementor-element elementor-element-723aac6\" data-id=\"723aac6\" data-element_type=\"column\">\n\t\t\t<div class=\"elementor-widget-wrap elementor-element-populated\">\n\t\t\t\t\t\t<div class=\"elementor-element elementor-element-cbe26bc elementor-widget elementor-widget-text-editor\" data-id=\"cbe26bc\" data-element_type=\"widget\" data-widget_type=\"text-editor.default\">\n\t\t\t\t<div class=\"elementor-widget-container\">\n\t\t\t\t\t\t\t\t\t<h2><span class=\"BenguiatGothicW01-Bold20_007dc0\">Impressum<\/span><\/h2><p><span class=\"BenguiatGothicW01-Bold18_575759\">Praxis f\u00fcr Logop\u00e4die<\/span><span class=\"BenguiatGothicW01-Book16_575759\"><br \/>Kerstin Schr\u00f6ter-Frey<br \/>Schulstra\u00dfe 17<br \/>65824 Schwalbach <\/span><\/p><p>Telefon: 06196 882460<br \/>Fax : 06196 882462<br \/>E-Mail: <a class=\"BenguiatGothicW01-Book16_007dc0\" href=\"mailto:logopaedie_schwalbach@t-online.de\">logopaedie_schwalbach@t-online.de<\/a><\/p><p>Design: Petra Leupacher<br \/>Umsetzung: J\u00fcrgen Bernhardt <a class=\"BenguiatGothicW01-Book16_007dc0\" href=\"mailto:marc@marcandrehaller.de\"><br \/><\/a><\/p>\t\t\t\t\t\t\t\t<\/div>\n\t\t\t\t<\/div>\n\t\t\t\t\t<\/div>\n\t\t<\/div>\n\t\t\t\t\t<\/div>\n\t\t<\/section>\n\t\t\t\t<section class=\"elementor-section elementor-top-section elementor-element elementor-element-a3b7a42 elementor-section-boxed elementor-section-height-default elementor-section-height-default\" data-id=\"a3b7a42\" data-element_type=\"section\">\n\t\t\t\t\t\t<div class=\"elementor-container elementor-column-gap-default\">\n\t\t\t\t\t<div class=\"elementor-column elementor-col-100 elementor-top-column elementor-element elementor-element-0838ed0\" data-id=\"0838ed0\" data-element_type=\"column\">\n\t\t\t<div class=\"elementor-widget-wrap elementor-element-populated\">\n\t\t\t\t\t\t<div class=\"elementor-element elementor-element-36f7ee0 elementor-widget elementor-widget-spacer\" data-id=\"36f7ee0\" data-element_type=\"widget\" data-widget_type=\"spacer.default\">\n\t\t\t\t<div class=\"elementor-widget-container\">\n\t\t\t\t\t\t\t<div class=\"elementor-spacer\">\n\t\t\t<div class=\"elementor-spacer-inner\"><\/div>\n\t\t<\/div>\n\t\t\t\t\t\t<\/div>\n\t\t\t\t<\/div>\n\t\t\t\t\t<\/div>\n\t\t<\/div>\n\t\t\t\t\t<\/div>\n\t\t<\/section>\n\t\t\t\t<\/div>\n\t\t","protected":false},"excerpt":{"rendered":"<p>Impressum Praxis f\u00fcr Logop\u00e4dieKerstin Schr\u00f6ter-FreySchulstra\u00dfe 1765824 Schwalbach Telefon: 06196 882460Fax : 06196 882462E-Mail: logopaedie_schwalbach@t-online.de Design: Petra LeupacherUmsetzung: J\u00fcrgen Bernhardt<\/p>\n","protected":false},"author":1,"featured_media":0,"parent":0,"menu_order":0,"comment_status":"closed","ping_status":"closed","template":"","meta":{"footnotes":""},"class_list":["post-245","page","type-page","status-publish","hentry"],"_links":{"self":[{"href":"http:\/\/leudes.de\/logopaedie-schwalbach\/wp-json\/wp\/v2\/pages\/245","targetHints":{"allow":["GET"]}}],"collection":[{"href":"http:\/\/leudes.de\/logopaedie-schwalbach\/wp-json\/wp\/v2\/pages"}],"about":[{"href":"http:\/\/leudes.de\/logopaedie-schwalbach\/wp-json\/wp\/v2\/types\/page"}],"author":[{"embeddable":true,"href":"http:\/\/leudes.de\/logopaedie-schwalbach\/wp-json\/wp\/v2\/users\/1"}],"replies":[{"embeddable":true,"href":"http:\/\/leudes.de\/logopaedie-schwalbach\/wp-json\/wp\/v2\/comments?post=245"}],"version-history":[{"count":9,"href":"http:\/\/leudes.de\/logopaedie-schwalbach\/wp-json\/wp\/v2\/pages\/245\/revisions"}],"predecessor-version":[{"id":759,"href":"http:\/\/leudes.de\/logopaedie-schwalbach\/wp-json\/wp\/v2\/pages\/245\/revisions\/759"}],"wp:attachment":[{"href":"http:\/\/leudes.de\/logopaedie-schwalbach\/wp-json\/wp\/v2\/media?parent=245"}],"curies":[{"name":"wp","href":"https:\/\/api.w.org\/{rel}","templated":true}]}}